{"id":2,"date":"2024-02-15T17:05:35","date_gmt":"2024-02-15T17:05:35","guid":{"rendered":"https:\/\/fokus-revizija.hr\/?page_id=2"},"modified":"2024-02-18T20:26:34","modified_gmt":"2024-02-18T20:26:34","slug":"sample-page","status":"publish","type":"page","link":"https:\/\/fokus-revizija.hr\/index.php\/sample-page\/","title":{"rendered":"Na\u0161 tim"},"content":{"rendered":"\r\n<p>Fokus Revizija d.o.o. za revizijske usluge, Ulica Bele \u010ciko\u0161a 5, 10000 Zagreb<\/p>\r\n","protected":false},"excerpt":{"rendered":"<p>Fokus Revizija d.o.o. za revizijske usluge, Ulica Bele \u010ciko\u0161a 5, 10000 Zagreb<\/p>\n","protected":false},"author":1,"featured_media":0,"parent":0,"menu_order":0,"comment_status":"closed","ping_status":"closed","template":"about","meta":{"footnotes":""},"class_list":["post-2","page","type-page","status-publish","hentry"],"yoast_head":"<!-- This site is optimized with the Yoast SEO plugin v22.0 - https:\/\/yoast.com\/wordpress\/plugins\/seo\/ -->\n<title>Na\u0161 tim - FOKUS REVIZIJA d.o.o.<\/title>\n<meta name=\"description\" content=\"Dru\u0161tvo FOKUS REVIZIJA d.o.o. osnovano je 2017. godine. Dru\u0161tvo su osnovali ovla\u0161tena revizorica Ines Ro\u017ei\u0107 i dr.sc. Ivan \u010cevizovi\u0107. Cijene\u0107i da dugogodi\u0161nje iskustvo u poslovima revizije, kao i poslovima ra\u010dunovodstvenog, poreznog i ostalog poslovnog savjetovanja su rezultirali dovoljnim znanjima i kompetencijama potrebnima za obavljanje usluga revizije osnovano je navedeno dru\u0161tvo.\" \/>\n<meta name=\"robots\" content=\"index, follow, max-snippet:-1, max-image-preview:large, max-video-preview:-1\" \/>\n<link rel=\"canonical\" href=\"https:\/\/fokus-revizija.hr\/index.php\/sample-page\/\" \/>\n<meta property=\"og:locale\" content=\"hr_HR\" \/>\n<meta property=\"og:type\" content=\"article\" \/>\n<meta property=\"og:title\" content=\"Na\u0161 tim - FOKUS REVIZIJA d.o.o.\" \/>\n<meta property=\"og:description\" content=\"Dru\u0161tvo FOKUS REVIZIJA d.o.o. osnovano je 2017. godine. Dru\u0161tvo su osnovali ovla\u0161tena revizorica Ines Ro\u017ei\u0107 i dr.sc. Ivan \u010cevizovi\u0107. Cijene\u0107i da dugogodi\u0161nje iskustvo u poslovima revizije, kao i poslovima ra\u010dunovodstvenog, poreznog i ostalog poslovnog savjetovanja su rezultirali dovoljnim znanjima i kompetencijama potrebnima za obavljanje usluga revizije osnovano je navedeno dru\u0161tvo.\" \/>\n<meta property=\"og:url\" content=\"https:\/\/fokus-revizija.hr\/index.php\/sample-page\/\" \/>\n<meta property=\"og:site_name\" content=\"FOKUS REVIZIJA d.o.o.\" \/>\n<meta property=\"article:modified_time\" content=\"2024-02-18T20:26:34+00:00\" \/>\n<meta name=\"twitter:card\" content=\"summary_large_image\" \/>\n<meta name=\"twitter:label1\" content=\"Procijenjeno vrijeme \u010ditanja\" \/>\n\t<meta name=\"twitter:data1\" content=\"1 minuta\" \/>\n<script type=\"application\/ld+json\" class=\"yoast-schema-graph\">{\"@context\":\"https:\/\/schema.org\",\"@graph\":[{\"@type\":\"WebPage\",\"@id\":\"https:\/\/fokus-revizija.hr\/index.php\/sample-page\/\",\"url\":\"https:\/\/fokus-revizija.hr\/index.php\/sample-page\/\",\"name\":\"Na\u0161 tim - FOKUS REVIZIJA d.o.o.\",\"isPartOf\":{\"@id\":\"https:\/\/fokus-revizija.hr\/#website\"},\"datePublished\":\"2024-02-15T17:05:35+00:00\",\"dateModified\":\"2024-02-18T20:26:34+00:00\",\"description\":\"Dru\u0161tvo FOKUS REVIZIJA d.o.o. osnovano je 2017. godine. Dru\u0161tvo su osnovali ovla\u0161tena revizorica Ines Ro\u017ei\u0107 i dr.sc. Ivan \u010cevizovi\u0107. Cijene\u0107i da dugogodi\u0161nje iskustvo u poslovima revizije, kao i poslovima ra\u010dunovodstvenog, poreznog i ostalog poslovnog savjetovanja su rezultirali dovoljnim znanjima i kompetencijama potrebnima za obavljanje usluga revizije osnovano je navedeno dru\u0161tvo.\",\"breadcrumb\":{\"@id\":\"https:\/\/fokus-revizija.hr\/index.php\/sample-page\/#breadcrumb\"},\"inLanguage\":\"hr\",\"potentialAction\":[{\"@type\":\"ReadAction\",\"target\":[\"https:\/\/fokus-revizija.hr\/index.php\/sample-page\/\"]}]},{\"@type\":\"BreadcrumbList\",\"@id\":\"https:\/\/fokus-revizija.hr\/index.php\/sample-page\/#breadcrumb\",\"itemListElement\":[{\"@type\":\"ListItem\",\"position\":1,\"name\":\"Po\u010detna stranica\",\"item\":\"https:\/\/fokus-revizija.hr\/\"},{\"@type\":\"ListItem\",\"position\":2,\"name\":\"Na\u0161 tim\"}]},{\"@type\":\"WebSite\",\"@id\":\"https:\/\/fokus-revizija.hr\/#website\",\"url\":\"https:\/\/fokus-revizija.hr\/\",\"name\":\"FOKUS REVIZIJA d.o.o.\",\"description\":\"\",\"publisher\":{\"@id\":\"https:\/\/fokus-revizija.hr\/#organization\"},\"potentialAction\":[{\"@type\":\"SearchAction\",\"target\":{\"@type\":\"EntryPoint\",\"urlTemplate\":\"https:\/\/fokus-revizija.hr\/?s={search_term_string}\"},\"query-input\":\"required name=search_term_string\"}],\"inLanguage\":\"hr\"},{\"@type\":\"Organization\",\"@id\":\"https:\/\/fokus-revizija.hr\/#organization\",\"name\":\"FOKUS REVIZIJA d.o.o.\",\"url\":\"https:\/\/fokus-revizija.hr\/\",\"logo\":{\"@type\":\"ImageObject\",\"inLanguage\":\"hr\",\"@id\":\"https:\/\/fokus-revizija.hr\/#\/schema\/logo\/image\/\",\"url\":\"https:\/\/fokus-revizija.hr\/wp-content\/uploads\/2024\/02\/fokus-2-1.jpg\",\"contentUrl\":\"https:\/\/fokus-revizija.hr\/wp-content\/uploads\/2024\/02\/fokus-2-1.jpg\",\"width\":894,\"height\":785,\"caption\":\"FOKUS REVIZIJA d.o.o.\"},\"image\":{\"@id\":\"https:\/\/fokus-revizija.hr\/#\/schema\/logo\/image\/\"}}]}<\/script>\n<!-- \/ Yoast SEO plugin. -->","yoast_head_json":{"title":"Na\u0161 tim - FOKUS REVIZIJA d.o.o.","description":"Dru\u0161tvo FOKUS REVIZIJA d.o.o. osnovano je 2017. godine. Dru\u0161tvo su osnovali ovla\u0161tena revizorica Ines Ro\u017ei\u0107 i dr.sc. Ivan \u010cevizovi\u0107. Cijene\u0107i da dugogodi\u0161nje iskustvo u poslovima revizije, kao i poslovima ra\u010dunovodstvenog, poreznog i ostalog poslovnog savjetovanja su rezultirali dovoljnim znanjima i kompetencijama potrebnima za obavljanje usluga revizije osnovano je navedeno dru\u0161tvo.","robots":{"index":"index","follow":"follow","max-snippet":"max-snippet:-1","max-image-preview":"max-image-preview:large","max-video-preview":"max-video-preview:-1"},"canonical":"https:\/\/fokus-revizija.hr\/index.php\/sample-page\/","og_locale":"hr_HR","og_type":"article","og_title":"Na\u0161 tim - FOKUS REVIZIJA d.o.o.","og_description":"Dru\u0161tvo FOKUS REVIZIJA d.o.o. osnovano je 2017. godine. Dru\u0161tvo su osnovali ovla\u0161tena revizorica Ines Ro\u017ei\u0107 i dr.sc. Ivan \u010cevizovi\u0107. Cijene\u0107i da dugogodi\u0161nje iskustvo u poslovima revizije, kao i poslovima ra\u010dunovodstvenog, poreznog i ostalog poslovnog savjetovanja su rezultirali dovoljnim znanjima i kompetencijama potrebnima za obavljanje usluga revizije osnovano je navedeno dru\u0161tvo.","og_url":"https:\/\/fokus-revizija.hr\/index.php\/sample-page\/","og_site_name":"FOKUS REVIZIJA d.o.o.","article_modified_time":"2024-02-18T20:26:34+00:00","twitter_card":"summary_large_image","twitter_misc":{"Procijenjeno vrijeme \u010ditanja":"1 minuta"},"schema":{"@context":"https:\/\/schema.org","@graph":[{"@type":"WebPage","@id":"https:\/\/fokus-revizija.hr\/index.php\/sample-page\/","url":"https:\/\/fokus-revizija.hr\/index.php\/sample-page\/","name":"Na\u0161 tim - FOKUS REVIZIJA d.o.o.","isPartOf":{"@id":"https:\/\/fokus-revizija.hr\/#website"},"datePublished":"2024-02-15T17:05:35+00:00","dateModified":"2024-02-18T20:26:34+00:00","description":"Dru\u0161tvo FOKUS REVIZIJA d.o.o. osnovano je 2017. godine. Dru\u0161tvo su osnovali ovla\u0161tena revizorica Ines Ro\u017ei\u0107 i dr.sc. Ivan \u010cevizovi\u0107. Cijene\u0107i da dugogodi\u0161nje iskustvo u poslovima revizije, kao i poslovima ra\u010dunovodstvenog, poreznog i ostalog poslovnog savjetovanja su rezultirali dovoljnim znanjima i kompetencijama potrebnima za obavljanje usluga revizije osnovano je navedeno dru\u0161tvo.","breadcrumb":{"@id":"https:\/\/fokus-revizija.hr\/index.php\/sample-page\/#breadcrumb"},"inLanguage":"hr","potentialAction":[{"@type":"ReadAction","target":["https:\/\/fokus-revizija.hr\/index.php\/sample-page\/"]}]},{"@type":"BreadcrumbList","@id":"https:\/\/fokus-revizija.hr\/index.php\/sample-page\/#breadcrumb","itemListElement":[{"@type":"ListItem","position":1,"name":"Po\u010detna stranica","item":"https:\/\/fokus-revizija.hr\/"},{"@type":"ListItem","position":2,"name":"Na\u0161 tim"}]},{"@type":"WebSite","@id":"https:\/\/fokus-revizija.hr\/#website","url":"https:\/\/fokus-revizija.hr\/","name":"FOKUS REVIZIJA d.o.o.","description":"","publisher":{"@id":"https:\/\/fokus-revizija.hr\/#organization"},"potentialAction":[{"@type":"SearchAction","target":{"@type":"EntryPoint","urlTemplate":"https:\/\/fokus-revizija.hr\/?s={search_term_string}"},"query-input":"required name=search_term_string"}],"inLanguage":"hr"},{"@type":"Organization","@id":"https:\/\/fokus-revizija.hr\/#organization","name":"FOKUS REVIZIJA d.o.o.","url":"https:\/\/fokus-revizija.hr\/","logo":{"@type":"ImageObject","inLanguage":"hr","@id":"https:\/\/fokus-revizija.hr\/#\/schema\/logo\/image\/","url":"https:\/\/fokus-revizija.hr\/wp-content\/uploads\/2024\/02\/fokus-2-1.jpg","contentUrl":"https:\/\/fokus-revizija.hr\/wp-content\/uploads\/2024\/02\/fokus-2-1.jpg","width":894,"height":785,"caption":"FOKUS REVIZIJA d.o.o."},"image":{"@id":"https:\/\/fokus-revizija.hr\/#\/schema\/logo\/image\/"}}]}},"_links":{"self":[{"href":"https:\/\/fokus-revizija.hr\/index.php\/wp-json\/wp\/v2\/pages\/2","targetHints":{"allow":["GET"]}}],"collection":[{"href":"https:\/\/fokus-revizija.hr\/index.php\/wp-json\/wp\/v2\/pages"}],"about":[{"href":"https:\/\/fokus-revizija.hr\/index.php\/wp-json\/wp\/v2\/types\/page"}],"author":[{"embeddable":true,"href":"https:\/\/fokus-revizija.hr\/index.php\/wp-json\/wp\/v2\/users\/1"}],"replies":[{"embeddable":true,"href":"https:\/\/fokus-revizija.hr\/index.php\/wp-json\/wp\/v2\/comments?post=2"}],"version-history":[{"count":4,"href":"https:\/\/fokus-revizija.hr\/index.php\/wp-json\/wp\/v2\/pages\/2\/revisions"}],"predecessor-version":[{"id":95,"href":"https:\/\/fokus-revizija.hr\/index.php\/wp-json\/wp\/v2\/pages\/2\/revisions\/95"}],"wp:attachment":[{"href":"https:\/\/fokus-revizija.hr\/index.php\/wp-json\/wp\/v2\/media?parent=2"}],"curies":[{"name":"wp","href":"https:\/\/api.w.org\/{rel}","templated":true}]}}